{"id":511,"date":"2020-04-23T18:29:06","date_gmt":"2020-04-23T16:29:06","guid":{"rendered":"https:\/\/grandy-jet.com\/?page_id=511"},"modified":"2020-04-23T18:29:06","modified_gmt":"2020-04-23T16:29:06","slug":"imprint","status":"publish","type":"page","link":"https:\/\/grandy-jet.com\/de\/imprint\/","title":{"rendered":"Impressum"},"content":{"rendered":"<div data-stellar-offset-parent=\"true\"  class=\"vc_row wpb_row vc_row-fluid content-padding\"><div  class=\"wpb_column vc_column_container vc_col-sm-12\"><div class=\"vc_column-inner\" style=\"\" ><div class=\"wpb_wrapper\">\n\t<div class=\"wpb_text_column wpb_content_element\" >\n\t\t<div class=\"wpb_wrapper\">\n\t\t\t<p><strong><u><br \/>\nIMPRESSUM<\/u><\/strong><\/p>\n<p>&nbsp;<\/p>\n<p>Herausgeber<\/p>\n<p>Grandy-Jet Business Aviaton Consulting<\/p>\n<p>Wilhelm Euler Strasse 22<br \/>\n64625 Bensheim<br \/>\nGermany<\/p>\n<p>Telefon: +49 (0) 151 722 33277<\/p>\n<p>E-Mail: sg@grandy-jet.com<\/p>\n<p><strong>Verantwortlich f\u00fcr redaktionelle Inhalte gem\u00e4\u00df \u00a7 55 Absatz 2 RStV:<\/strong>Stephan Grandy<\/p>\n<p>Die Europ\u00e4ische Kommission hat eine Plattform zur Online-Streitbeilegung bereitgestellt. Die OS-Plattform finden Sie unter diesem Link: <strong><u>http:\/\/ec.europa.eu\/consumers\/odr<\/u><\/strong><\/p>\n<p><strong>Bildrechte:<\/strong>iStock, Shutterstock, Unsplash, eigene Bilder<\/p>\n<p>&nbsp;<\/p>\n<p>Technische Informationen<\/p>\n<p>Wir weisen Sie darauf hin, dass die Vertraulichkeit im Internet nicht gew\u00e4hrleistet ist. Jeder Benutzer ist daher allein verantwortlich, seine Daten und\/oder Softwares vor eventuellen im Internet zirkulierenden Viren angemessen zu sch\u00fctzen.<\/p>\n<p><strong><br \/>\nHyperlinks<\/strong><\/p>\n<p>Die Einrichtung eines Hyperlinks auf die Website www.grandy-jet.com unterliegt der Genehmigung des publizistischen Leiters. Der publizistische Leiter \u00fcbernimmt keinerlei Haftung f\u00fcr auf der Website www.grandy-jet.com eingerichtete Hyperlinks zu anderen Websites.<\/p>\n<p><strong><br \/>\nUrheberrechte<\/strong><\/p>\n<p>Die durch die Seitenbetreiber erstellten Inhalte auf diesen Seiten unterliegen dem deutschen Urheberrecht. Die Vervielf\u00e4ltigung, Bearbeitung, Verbreitung und jede Art der Verwertung au\u00dferhalb der Grenzen des Urheberrechtes bed\u00fcrfen der schriftlichen Zustimmung des Rechtsinhabers bzw. des Erstellers. Jede vollst\u00e4ndige oder teilweise Reproduktion oder Darstellung der Webseiten, Daten oder eines Bestandteils der Website www.grandy-jet.com, in welchem Verfahren und auf welchem Datentr\u00e4ger auch immer, ist ohne Zustimmung des Herausgebers untersagt und bedeutet eine F\u00e4lschung.<\/p>\n<p><strong><br \/>\nHaftungsausschluss<\/strong><\/p>\n<p>Die Inhalte unserer Seiten wurden mit gr\u00f6\u00dfter Sorgfalt erstellt. F\u00fcr die Richtigkeit, Vollst\u00e4ndigkeit und Aktualit\u00e4t der Inhalte kann keine Gew\u00e4hr \u00fcbernommen werden. Als Diensteanbieter bzw. Herausgeber dieser Website sind wir gem\u00e4\u00df \u00a7 7 Abs. 1 TMG f\u00fcr eigene Inhalte auf diesen Seiten nach den allgemeinen Gesetzen verantwortlich. Nach \u00a7\u00a7 8 bis 10 TMG sind wir als Diensteanbieter bzw. Herausgeber jedoch nicht verpflichtet, \u00fcbermittelte oder gespeicherte fremde Informationen zu \u00fcberwachen oder nach Umst\u00e4nden zu forschen, die auf eine rechtswidrige T\u00e4tigkeit hinweisen. Verpflichtungen zur Entfernung oder Sperrung der Nutzung von Informationen nach den allgemeinen Gesetzen bleiben hiervon unber\u00fchrt. Eine diesbez\u00fcgliche Haftung ist jedoch erst ab dem Zeitpunkt der Kenntnis einer konkreten Rechtsverletzung m\u00f6glich. Bei Bekanntwerden von entsprechenden Rechtsverletzungen werden wir diese Inhalte umgehend entfernen.<\/p>\n\n\t\t<\/div>\n\t<\/div>\n<\/div><\/div><\/div><\/div>","protected":false},"excerpt":{"rendered":"IMPRESSUM &nbsp; Herausgeber Grandy-Jet Business Aviaton Consulting Wilhelm Euler Strasse 22 64625 Bensheim Germany Telefon: +49 (0) 151 722 33277 E-Mail: sg@grandy-jet.com Verantwortlich f\u00fcr redaktionelle Inhalte gem\u00e4\u00df \u00a7 55 Absatz 2 RStV:Stephan Grandy Die Europ\u00e4ische Kommission hat eine Plattform zur Online-Streitbeilegung bereitgestellt. Die OS-Plattform finden Sie unter diesem Link: http:\/\/ec.europa.eu\/consumers\/odr Bildrechte:iStock, Shutterstock, Unsplash, eigene Bilder &nbsp; Technische Informationen Wir weisen [...]","protected":false},"author":1,"featured_media":0,"parent":0,"menu_order":0,"comment_status":"closed","ping_status":"closed","template":"","meta":{"inline_featured_image":false,"footnotes":""},"class_list":["post-511","page","type-page","status-publish","hentry"],"_links":{"self":[{"href":"https:\/\/grandy-jet.com\/de\/wp-json\/wp\/v2\/pages\/511","targetHints":{"allow":["GET"]}}],"collection":[{"href":"https:\/\/grandy-jet.com\/de\/wp-json\/wp\/v2\/pages"}],"about":[{"href":"https:\/\/grandy-jet.com\/de\/wp-json\/wp\/v2\/types\/page"}],"author":[{"embeddable":true,"href":"https:\/\/grandy-jet.com\/de\/wp-json\/wp\/v2\/users\/1"}],"replies":[{"embeddable":true,"href":"https:\/\/grandy-jet.com\/de\/wp-json\/wp\/v2\/comments?post=511"}],"version-history":[{"count":1,"href":"https:\/\/grandy-jet.com\/de\/wp-json\/wp\/v2\/pages\/511\/revisions"}],"predecessor-version":[{"id":512,"href":"https:\/\/grandy-jet.com\/de\/wp-json\/wp\/v2\/pages\/511\/revisions\/512"}],"wp:attachment":[{"href":"https:\/\/grandy-jet.com\/de\/wp-json\/wp\/v2\/media?parent=511"}],"curies":[{"name":"wp","href":"https:\/\/api.w.org\/{rel}","templated":true}]}}