{"id":71,"date":"2018-03-17T23:02:08","date_gmt":"2018-03-17T23:02:08","guid":{"rendered":"http:\/\/demo.curlythemes.com\/private-jet\/?page_id=71"},"modified":"2020-08-26T17:00:05","modified_gmt":"2020-08-26T15:00:05","slug":"about","status":"publish","type":"page","link":"https:\/\/grandy-jet.com\/de\/about\/","title":{"rendered":"About Us"},"content":{"rendered":"<section data-vc-full-width=\"true\" data-vc-full-width-init=\"false\" class=\"vc_section color--text-inverted xtd-text-shadow--small-normal vc_custom_1597311523995 vc_section-has-fill\"><div data-stellar-offset-parent=\"true\"  class=\"vc_row wpb_row vc_row-fluid content-padding\"><div  class=\"wpb_column vc_column_container vc_col-sm-12 vc_col-lg-offset-1 vc_col-lg-10\"><div class=\"vc_column-inner vc_custom_1587414392551\" style=\"\" ><div class=\"wpb_wrapper\"><\/div><\/div><\/div><\/div><\/section><div class=\"vc_row-full-width vc_clearfix\"><\/div><section class=\"vc_section vc_custom_1521750009372 vc_section-has-fill\"><div data-stellar-offset-parent=\"true\"  class=\"vc_row wpb_row vc_row-fluid content-padding\"><div  class=\"wpb_column vc_column_container vc_col-sm-10 vc_col-lg-offset-2 vc_col-lg-8 vc_col-sm-offset-1 vc_hidden-sm vc_hidden-xs\"><div class=\"vc_column-inner\" style=\"\" ><div class=\"wpb_wrapper\">\n\t<div class=\"wpb_single_image wpb_content_element vc_align_center  vc_custom_1598453994603\" style=\"max-width: 15rem; \" >\n\t\t\n\t\t<figure class=\"wpb_wrapper vc_figure\">\n\t\t\t<div class=\"vc_single_image-wrapper xtd-shadow--normal-light  vc_box_border_grey\"><img loading=\"lazy\" decoding=\"async\" width=\"1428\" height=\"2135\" src=\"https:\/\/grandy-jet.com\/wp-content\/uploads\/2020\/08\/DSCF0070_3.jpg\" class=\"vc_single_image-img attachment-full\" alt=\"\" srcset=\"https:\/\/grandy-jet.com\/wp-content\/uploads\/2020\/08\/DSCF0070_3.jpg 1428w, https:\/\/grandy-jet.com\/wp-content\/uploads\/2020\/08\/DSCF0070_3-201x300.jpg 201w, https:\/\/grandy-jet.com\/wp-content\/uploads\/2020\/08\/DSCF0070_3-685x1024.jpg 685w, https:\/\/grandy-jet.com\/wp-content\/uploads\/2020\/08\/DSCF0070_3-768x1148.jpg 768w, https:\/\/grandy-jet.com\/wp-content\/uploads\/2020\/08\/DSCF0070_3-1027x1536.jpg 1027w, https:\/\/grandy-jet.com\/wp-content\/uploads\/2020\/08\/DSCF0070_3-1370x2048.jpg 1370w, https:\/\/grandy-jet.com\/wp-content\/uploads\/2020\/08\/DSCF0070_3-16x24.jpg 16w, https:\/\/grandy-jet.com\/wp-content\/uploads\/2020\/08\/DSCF0070_3-24x36.jpg 24w, https:\/\/grandy-jet.com\/wp-content\/uploads\/2020\/08\/DSCF0070_3-32x48.jpg 32w\" sizes=\"auto, (max-width: 1428px) 100vw, 1428px\" \/><\/div>\n\t\t<\/figure>\n\t<\/div>\n<div class=\"vc_empty_space\"   style=\"height: 2rem\"><span class=\"vc_empty_space_inner\"><\/span><\/div>\n\t<div class=\"wpb_text_column wpb_content_element\" >\n\t\t<div class=\"wpb_wrapper\">\n\t\t\t<p class=\"lead lead-lg font-family--h1\" style=\"text-align: center;\">\u201eReisen bedeutet Grenzen zu \u00fcberschreiten, auch die eigenen\u201d<\/p>\n<p style=\"text-align: center;\">\u201cWenn alles gegen Sie zu gehen scheint, denken Sie daran, dass die Flugzeuge gegen den Wind abheben, nicht mit ihm.\u201d<\/p>\n<p style=\"text-align: center;\">Henry Ford<\/p>\n\n\t\t<\/div>\n\t<\/div>\n<\/div><\/div><\/div><\/div><div data-stellar-offset-parent=\"true\"  class=\"vc_row wpb_row vc_row-fluid content-padding\"><div  class=\"wpb_column vc_column_container vc_col-sm-10 vc_col-lg-offset-2 vc_col-lg-8 vc_hidden-lg vc_hidden-md vc_col-sm-offset-1\"><div class=\"vc_column-inner\" style=\"\" ><div class=\"wpb_wrapper\">\n\t<div class=\"wpb_single_image wpb_content_element vc_align_center\" style=\"max-width: 15rem; \" >\n\t\t\n\t\t<figure class=\"wpb_wrapper vc_figure\">\n\t\t\t<div class=\"vc_single_image-wrapper xtd-shadow--normal-light  vc_box_border_grey\"><img loading=\"lazy\" decoding=\"async\" width=\"500\" height=\"500\" src=\"https:\/\/grandy-jet.com\/wp-content\/uploads\/2020\/06\/0.jpeg\" class=\"vc_single_image-img attachment-full\" alt=\"\" srcset=\"https:\/\/grandy-jet.com\/wp-content\/uploads\/2020\/06\/0.jpeg 500w, https:\/\/grandy-jet.com\/wp-content\/uploads\/2020\/06\/0-300x300.jpeg 300w, https:\/\/grandy-jet.com\/wp-content\/uploads\/2020\/06\/0-150x150.jpeg 150w, https:\/\/grandy-jet.com\/wp-content\/uploads\/2020\/06\/0-24x24.jpeg 24w, https:\/\/grandy-jet.com\/wp-content\/uploads\/2020\/06\/0-36x36.jpeg 36w, https:\/\/grandy-jet.com\/wp-content\/uploads\/2020\/06\/0-48x48.jpeg 48w\" sizes=\"auto, (max-width: 500px) 100vw, 500px\" \/><\/div>\n\t\t<\/figure>\n\t<\/div>\n<div class=\"vc_empty_space\"   style=\"height: 2rem\"><span class=\"vc_empty_space_inner\"><\/span><\/div>\n\t<div class=\"wpb_text_column wpb_content_element\" >\n\t\t<div class=\"wpb_wrapper\">\n\t\t\t<p class=\"lead lead-lg font-family--h1\" style=\"text-align: center;\">\u201eReisen bedeutet Grenzen zu \u00fcberschreiten, auch die eigenen\u201d<\/p>\n<p style=\"text-align: center;\">\u201cWenn alles gegen Sie zu gehen scheint, denken Sie daran, dass die Flugzeuge gegen den Wind abheben, nicht mit ihm.\u201d<\/p>\n<p style=\"text-align: center;\">Henry Ford<\/p>\n\n\t\t<\/div>\n\t<\/div>\n<\/div><\/div><\/div><\/div><\/section><section id=\"our-values\" class=\"vc_section\"><div data-stellar-offset-parent=\"true\"  class=\"vc_row wpb_row vc_row-fluid content-padding vc_custom_1521408948327 vc_row-o-content-middle vc_row-flex\"><div  class=\"wpb_column vc_column_container vc_col-sm-6\"><div class=\"vc_column-inner\" style=\"\" ><div class=\"wpb_wrapper\">\n\t<div class=\"wpb_text_column wpb_content_element\" >\n\t\t<div class=\"wpb_wrapper\">\n\t\t\t<p>Stephan Grandy steht f\u00fcr internationale Beratungsdienstleistung innerhalb der Fluglinien- und der General Business Aviation Branche.  Als f\u00fchrender Experte auf dem Private-Jet Markt, greift er auf 30 Jahre Berufserfahrung bei einem der gr\u00f6\u00dften Commercial Aviation Unternehmen, der Lufthansa AG zur\u00fcck.<\/p>\n\n\t\t<\/div>\n\t<\/div>\n<div class=\"vc_row wpb_row vc_inner vc_row-fluid vc_column-gap-35\"><div class=\"wpb_column vc_column_container vc_col-sm-6\"><div class=\"vc_column-inner\"><div class=\"wpb_wrapper\">\n\t<div class=\"wpb_text_column wpb_content_element\" >\n\t\t<div class=\"wpb_wrapper\">\n\t\t\t<p>Stephan Grandy unterst\u00fctzt leitende F\u00fchrungskr\u00e4fte und Managementteams bei ihren strategischen und operativen Herausforderungen.<\/p>\n<p>Seine Expertise umfasst Unternehmensstrategie, Vertriebseffizienz, Angebots- und Produktmanagement sowie Organisationstransformation. Er verf\u00fcgt zudem \u00fcber fundierte Kenntnisse in den Bereichen Airline-Integration, IT-Solutions, Strategie und Management von Kundenbindungsprogrammen, Ertragsmanagement, Verkauf und Vertrieb.<\/p>\n\n\t\t<\/div>\n\t<\/div>\n<\/div><\/div><\/div><div class=\"wpb_column vc_column_container vc_col-sm-6\"><div class=\"vc_column-inner\"><div class=\"wpb_wrapper\">\n\t<div class=\"wpb_text_column wpb_content_element\" >\n\t\t<div class=\"wpb_wrapper\">\n\t\t\t<p>Als f\u00fchrender Berater greift Stephan Grandy auf seine langj\u00e4hrige Erfahrung bei der Planung und Durchf\u00fchrung von gro\u00dfen Transformationsver\u00e4nderungen, die sich auf die Ausrichtung von Unternehmen auf eine kundenorientierte Strategie bei gleichzeitiger Erreichung eines effizienten Betriebs- und Kostenmanagements konzentrieren.<\/p>\n\n\t\t<\/div>\n\t<\/div>\n<\/div><\/div><\/div><\/div><\/div><\/div><\/div><div  class=\"wpb_column vc_column_container vc_col-sm-5 vc_col-sm-offset-1\"><div class=\"vc_column-inner\" style=\"\" ><div class=\"wpb_wrapper\">\n\t<div class=\"wpb_single_image wpb_content_element vc_align_left\" style=\" \" >\n\t\t\n\t\t<figure class=\"wpb_wrapper vc_figure\">\n\t\t\t<div class=\"vc_single_image-wrapper xtd-shadow--large-light  vc_box_border_grey\"><img loading=\"lazy\" decoding=\"async\" width=\"889\" height=\"1334\" src=\"https:\/\/grandy-jet.com\/wp-content\/uploads\/2020\/06\/Grandy_Jet_Teaser_2.jpg\" class=\"vc_single_image-img attachment-full\" alt=\"\" srcset=\"https:\/\/grandy-jet.com\/wp-content\/uploads\/2020\/06\/Grandy_Jet_Teaser_2.jpg 889w, https:\/\/grandy-jet.com\/wp-content\/uploads\/2020\/06\/Grandy_Jet_Teaser_2-200x300.jpg 200w, https:\/\/grandy-jet.com\/wp-content\/uploads\/2020\/06\/Grandy_Jet_Teaser_2-682x1024.jpg 682w, https:\/\/grandy-jet.com\/wp-content\/uploads\/2020\/06\/Grandy_Jet_Teaser_2-768x1152.jpg 768w, https:\/\/grandy-jet.com\/wp-content\/uploads\/2020\/06\/Grandy_Jet_Teaser_2-16x24.jpg 16w, https:\/\/grandy-jet.com\/wp-content\/uploads\/2020\/06\/Grandy_Jet_Teaser_2-24x36.jpg 24w, https:\/\/grandy-jet.com\/wp-content\/uploads\/2020\/06\/Grandy_Jet_Teaser_2-32x48.jpg 32w\" sizes=\"auto, (max-width: 889px) 100vw, 889px\" \/><\/div>\n\t\t<\/figure>\n\t<\/div>\n<\/div><\/div><\/div><\/div><\/section>","protected":false},"excerpt":{"rendered":"\"Traveling means crossing borders, even your own\u201d \u201cWhen everything seems to be going against you, remember that the airplane takes off against the wind, not with it. \u201d Henry Ford \"Traveling means crossing borders, even your own\u201d \u201cWhen everything seems to be going against you, remember that the airplane takes off against the wind, not with it. \u201d Henry Ford [...]","protected":false},"author":1,"featured_media":0,"parent":0,"menu_order":0,"comment_status":"closed","ping_status":"closed","template":"","meta":{"inline_featured_image":false,"footnotes":""},"class_list":["post-71","page","type-page","status-publish","hentry"],"_links":{"self":[{"href":"https:\/\/grandy-jet.com\/de\/wp-json\/wp\/v2\/pages\/71","targetHints":{"allow":["GET"]}}],"collection":[{"href":"https:\/\/grandy-jet.com\/de\/wp-json\/wp\/v2\/pages"}],"about":[{"href":"https:\/\/grandy-jet.com\/de\/wp-json\/wp\/v2\/types\/page"}],"author":[{"embeddable":true,"href":"https:\/\/grandy-jet.com\/de\/wp-json\/wp\/v2\/users\/1"}],"replies":[{"embeddable":true,"href":"https:\/\/grandy-jet.com\/de\/wp-json\/wp\/v2\/comments?post=71"}],"version-history":[{"count":20,"href":"https:\/\/grandy-jet.com\/de\/wp-json\/wp\/v2\/pages\/71\/revisions"}],"predecessor-version":[{"id":679,"href":"https:\/\/grandy-jet.com\/de\/wp-json\/wp\/v2\/pages\/71\/revisions\/679"}],"wp:attachment":[{"href":"https:\/\/grandy-jet.com\/de\/wp-json\/wp\/v2\/media?parent=71"}],"curies":[{"name":"wp","href":"https:\/\/api.w.org\/{rel}","templated":true}]}}